{"id":701,"date":"2025-03-06T21:23:40","date_gmt":"2025-03-06T20:23:40","guid":{"rendered":"https:\/\/www.libre-escale.fr\/?page_id=701"},"modified":"2025-03-06T21:25:37","modified_gmt":"2025-03-06T20:25:37","slug":"mentions-legales","status":"publish","type":"page","link":"https:\/\/www.libre-escale.fr\/index.php\/mentions-legales\/","title":{"rendered":"Mentions l\u00e9gales"},"content":{"rendered":"\t\t<div data-elementor-type=\"wp-page\" data-elementor-id=\"701\" class=\"elementor elementor-701\">\n\t\t\t\t<div class=\"elementor-element elementor-element-df0d68d e-flex e-con-boxed e-con e-parent\" data-id=\"df0d68d\" data-element_type=\"container\" data-e-type=\"container\">\n\t\t\t\t\t<div class=\"e-con-inner\">\n\t\t\t\t<div class=\"elementor-element elementor-element-f470d5d elementor-widget elementor-widget-text-editor\" data-id=\"f470d5d\" data-element_type=\"widget\" data-e-type=\"widget\" data-widget_type=\"text-editor.default\">\n\t\t\t\t<div class=\"elementor-widget-container\">\n\t\t\t\t\t\t\t\t\t<h2 data-start=\"206\" data-end=\"233\"><span style=\"color: #1ba9aa;\"><strong data-start=\"209\" data-end=\"231\">1. \u00c9diteur du site<\/strong><\/span><\/h2><p data-start=\"234\" data-end=\"627\">Le site\u00a0<strong data-start=\"242\" data-end=\"265\">libre-escale.fr<\/strong>\u00a0est \u00e9dit\u00e9 par :<br data-start=\"281\" data-end=\"284\" \/><strong data-start=\"284\" data-end=\"328\">Nom de l\u2019entreprise\u00a0<\/strong>: Libre Escale<br data-start=\"360\" data-end=\"363\" \/><strong data-start=\"363\" data-end=\"383\">Statut juridique<\/strong>\u00a0: Auto-entreprise<br data-start=\"414\" data-end=\"417\" \/><strong data-start=\"417\" data-end=\"433\">Si\u00e8ge social<\/strong>\u00a0: 208 rue Hazet, 76500 La Londe<br data-start=\"451\" data-end=\"454\" \/><strong data-start=\"454\" data-end=\"470\">Num\u00e9ro SIRET<\/strong>\u00a0: 93948642900011<br data-start=\"493\" data-end=\"496\" \/><strong data-start=\"496\" data-end=\"506\">E-mail<\/strong>\u00a0: contact@libre-escale.fr<br data-start=\"531\" data-end=\"534\" \/><strong data-start=\"534\" data-end=\"547\">T\u00e9l\u00e9phone<\/strong>\u00a0: 06 00 00 00 00<br data-start=\"577\" data-end=\"580\" \/><strong data-start=\"580\" data-end=\"611\">Directeur de la publication<\/strong>\u00a0: MONTAGNIER Safia<\/p><h2 data-start=\"629\" data-end=\"652\"><span style=\"color: #1ba9aa;\"><strong data-start=\"632\" data-end=\"650\">2. H\u00e9bergement<\/strong><\/span><\/h2><p data-start=\"653\" data-end=\"814\">Le site est h\u00e9berg\u00e9 par :<br data-start=\"678\" data-end=\"681\" \/><strong data-start=\"681\" data-end=\"703\">Nom de l\u2019h\u00e9bergeur<\/strong>\u00a0: OVH SAS<br data-start=\"726\" data-end=\"729\" \/><strong data-start=\"729\" data-end=\"740\">Adresse<\/strong>\u00a0: 2 rue Kellermann, 59100 Roubaix<br data-start=\"767\" data-end=\"770\" \/><strong data-start=\"770\" data-end=\"783\">T\u00e9l\u00e9phone<\/strong>\u00a0: 1007<\/p><h2 data-start=\"816\" data-end=\"852\"><span style=\"color: #1ba9aa;\"><strong data-start=\"819\" data-end=\"850\">3. Propri\u00e9t\u00e9 intellectuelle<\/strong><\/span><\/h2><p data-start=\"853\" data-end=\"1085\">L\u2019ensemble du contenu du site\u00a0<b>libre-escale.fr\u00a0<\/b>(textes, images, graphismes, logo, etc.) est prot\u00e9g\u00e9 par les lois sur la propri\u00e9t\u00e9 intellectuelle. Toute reproduction, diffusion ou utilisation sans autorisation est interdite.<\/p><h2 data-start=\"1087\" data-end=\"1134\"><span style=\"color: #1ba9aa;\"><strong data-start=\"1090\" data-end=\"1132\">4. Protection des donn\u00e9es personnelles<\/strong><\/span><\/h2><p data-start=\"1135\" data-end=\"1499\">Les informations collect\u00e9es via le site sont utilis\u00e9es uniquement pour r\u00e9pondre aux demandes des utilisateurs et ne sont en aucun cas c\u00e9d\u00e9es \u00e0 des tiers.<br data-start=\"1288\" data-end=\"1291\" \/>Conform\u00e9ment \u00e0 la r\u00e9glementation en vigueur (RGPD), vous disposez d\u2019un droit d\u2019acc\u00e8s, de rectification et de suppression de vos donn\u00e9es personnelles. Pour exercer ce droit, contactez-moi \u00e0 : contact@libre-escale.fr<\/p><h2 data-start=\"1501\" data-end=\"1520\"><span style=\"color: #1ba9aa;\"><strong data-start=\"1504\" data-end=\"1518\">5. Cookies<\/strong><\/span><\/h2><p data-start=\"1521\" data-end=\"1671\">Le site peut utiliser des cookies pour am\u00e9liorer l\u2019exp\u00e9rience utilisateur. Vous pouvez g\u00e9rer vos pr\u00e9f\u00e9rences via les param\u00e8tres de votre navigateur.<\/p><h2 data-start=\"1673\" data-end=\"1699\"><span style=\"color: #1ba9aa;\"><strong data-start=\"1676\" data-end=\"1697\">6. Responsabilit\u00e9<\/strong><\/span><\/h2><p data-start=\"1700\" data-end=\"1878\">Malgr\u00e9 le soin apport\u00e9 \u00e0 la mise \u00e0 jour des informations, l\u2019\u00e9diteur ne peut \u00eatre tenu responsable des erreurs ou omissions pr\u00e9sentes sur le site, ni de l\u2019usage qui en est fait.<\/p><h3 data-start=\"143\" data-end=\"180\"><span style=\"color: #1ba9aa;\"><strong data-start=\"147\" data-end=\"178\">7. Conditions d\u2019utilisation<\/strong><\/span><\/h3><p data-start=\"181\" data-end=\"363\">L\u2019utilisation du site\u00a0<strong>libre-escale.fr<\/strong>\u00a0implique l\u2019acceptation des conditions g\u00e9n\u00e9rales d\u2019utilisation. L\u2019\u00e9diteur se r\u00e9serve le droit de modifier ces conditions \u00e0 tout moment.<\/p><h3 data-start=\"365\" data-end=\"395\"><span style=\"color: #1ba9aa;\"><strong data-start=\"369\" data-end=\"393\">8. Services propos\u00e9s<\/strong><\/span><\/h3><p data-start=\"396\" data-end=\"770\">Le site\u00a0<strong>libre-escale.fr<\/strong>\u00a0propose un service de travel planning, c\u2019est-\u00e0-dire l\u2019accompagnement \u00e0 l\u2019organisation de voyages. Il ne s\u2019agit pas d\u2019une agence de voyages : aucune prestation de transport, d\u2019h\u00e9bergement ou d\u2019activit\u00e9s n\u2019est directement vendue via ce site. L\u2019utilisateur est responsable des r\u00e9servations effectu\u00e9es aupr\u00e8s des prestataires tiers recommand\u00e9s.<\/p><h3 data-start=\"772\" data-end=\"802\"><span style=\"color: #1ba9aa;\"><strong data-start=\"776\" data-end=\"800\">9. Liens hypertextes<\/strong><\/span><\/h3><p data-start=\"803\" data-end=\"1005\">Le site peut contenir des liens vers d\u2019autres sites. L\u2019\u00e9diteur n\u2019a aucun contr\u00f4le sur ces sites et d\u00e9cline toute responsabilit\u00e9 quant \u00e0 leur contenu ou aux \u00e9ventuels dommages qu\u2019ils pourraient causer.<\/p><h3 data-start=\"1007\" data-end=\"1048\"><span style=\"color: #1ba9aa;\"><strong data-start=\"1011\" data-end=\"1046\">10. Droit applicable et litiges<\/strong><\/span><\/h3><p style=\"text-align: center;\" data-start=\"1049\" data-end=\"1217\">Les pr\u00e9sentes mentions l\u00e9gales sont r\u00e9gies par le droit fran\u00e7ais. En cas de litige, et \u00e0 d\u00e9faut de r\u00e9solution amiable, les tribunaux fran\u00e7ais seront seuls comp\u00e9tents.<\/p>\t\t\t\t\t\t\t\t<\/div>\n\t\t\t\t<\/div>\n\t\t\t\t\t<\/div>\n\t\t\t\t<\/div>\n\t\t\t\t<\/div>\n\t\t","protected":false},"excerpt":{"rendered":"<p>1. \u00c9diteur du site Le site\u00a0libre-escale.fr\u00a0est \u00e9dit\u00e9 par :Nom de l\u2019entreprise\u00a0: Libre EscaleStatut juridique\u00a0: Auto-entrepriseSi\u00e8ge social\u00a0: 208 rue Hazet, 76500 La LondeNum\u00e9ro SIRET\u00a0: 93948642900011E-mail\u00a0: contact@libre-escale.frT\u00e9l\u00e9phone\u00a0: 06 00 00 00 00Directeur de la publication\u00a0: MONTAGNIER Safia 2. H\u00e9bergement Le site est h\u00e9berg\u00e9 par :Nom de l\u2019h\u00e9bergeur\u00a0: OVH SASAdresse\u00a0: 2 rue Kellermann, 59100 RoubaixT\u00e9l\u00e9phone\u00a0: 1007 3. Propri\u00e9t\u00e9 [&hellip;]<\/p>\n","protected":false},"author":1,"featured_media":0,"parent":0,"menu_order":0,"comment_status":"closed","ping_status":"closed","template":"","meta":{"ocean_post_layout":"","ocean_both_sidebars_style":"","ocean_both_sidebars_content_width":0,"ocean_both_sidebars_sidebars_width":0,"ocean_sidebar":"","ocean_second_sidebar":"","ocean_disable_margins":"enable","ocean_add_body_class":"","ocean_shortcode_before_top_bar":"","ocean_shortcode_after_top_bar":"","ocean_shortcode_before_header":"","ocean_shortcode_after_header":"","ocean_has_shortcode":"","ocean_shortcode_after_title":"","ocean_shortcode_before_footer_widgets":"","ocean_shortcode_after_footer_widgets":"","ocean_shortcode_before_footer_bottom":"","ocean_shortcode_after_footer_bottom":"","ocean_display_top_bar":"default","ocean_display_header":"default","ocean_header_style":"","ocean_center_header_left_menu":"","ocean_custom_header_template":"","ocean_custom_logo":0,"ocean_custom_retina_logo":0,"ocean_custom_logo_max_width":0,"ocean_custom_logo_tablet_max_width":0,"ocean_custom_logo_mobile_max_width":0,"ocean_custom_logo_max_height":0,"ocean_custom_logo_tablet_max_height":0,"ocean_custom_logo_mobile_max_height":0,"ocean_header_custom_menu":"","ocean_menu_typo_font_family":"","ocean_menu_typo_font_subset":"","ocean_menu_typo_font_size":0,"ocean_menu_typo_font_size_tablet":0,"ocean_menu_typo_font_size_mobile":0,"ocean_menu_typo_font_size_unit":"px","ocean_menu_typo_font_weight":"","ocean_menu_typo_font_weight_tablet":"","ocean_menu_typo_font_weight_mobile":"","ocean_menu_typo_transform":"","ocean_menu_typo_transform_tablet":"","ocean_menu_typo_transform_mobile":"","ocean_menu_typo_line_height":0,"ocean_menu_typo_line_height_tablet":0,"ocean_menu_typo_line_height_mobile":0,"ocean_menu_typo_line_height_unit":"","ocean_menu_typo_spacing":0,"ocean_menu_typo_spacing_tablet":0,"ocean_menu_typo_spacing_mobile":0,"ocean_menu_typo_spacing_unit":"","ocean_menu_link_color":"","ocean_menu_link_color_hover":"","ocean_menu_link_color_active":"","ocean_menu_link_background":"","ocean_menu_link_hover_background":"","ocean_menu_link_active_background":"","ocean_menu_social_links_bg":"","ocean_menu_social_hover_links_bg":"","ocean_menu_social_links_color":"","ocean_menu_social_hover_links_color":"","ocean_disable_title":"default","ocean_disable_heading":"default","ocean_post_title":"","ocean_post_subheading":"","ocean_post_title_style":"","ocean_post_title_background_color":"","ocean_post_title_background":0,"ocean_post_title_bg_image_position":"","ocean_post_title_bg_image_attachment":"","ocean_post_title_bg_image_repeat":"","ocean_post_title_bg_image_size":"","ocean_post_title_height":0,"ocean_post_title_bg_overlay":0.5,"ocean_post_title_bg_overlay_color":"","ocean_disable_breadcrumbs":"default","ocean_breadcrumbs_color":"","ocean_breadcrumbs_separator_color":"","ocean_breadcrumbs_links_color":"","ocean_breadcrumbs_links_hover_color":"","ocean_display_footer_widgets":"default","ocean_display_footer_bottom":"default","ocean_custom_footer_template":"","footnotes":""},"class_list":["post-701","page","type-page","status-publish","hentry","entry"],"yoast_head":"<!-- This site is optimized with the Yoast SEO plugin v27.4 - https:\/\/yoast.com\/product\/yoast-seo-wordpress\/ -->\n<title>Mentions l\u00e9gales - Libre Escale<\/title>\n<meta name=\"robots\" content=\"index, follow, max-snippet:-1, max-image-preview:large, max-video-preview:-1\" \/>\n<link rel=\"canonical\" href=\"https:\/\/www.libre-escale.fr\/index.php\/mentions-legales\/\" \/>\n<meta property=\"og:locale\" content=\"fr_FR\" \/>\n<meta property=\"og:type\" content=\"article\" \/>\n<meta property=\"og:title\" content=\"Mentions l\u00e9gales - Libre Escale\" \/>\n<meta property=\"og:description\" content=\"1. \u00c9diteur du site Le site\u00a0libre-escale.fr\u00a0est \u00e9dit\u00e9 par :Nom de l\u2019entreprise\u00a0: Libre EscaleStatut juridique\u00a0: Auto-entrepriseSi\u00e8ge social\u00a0: 208 rue Hazet, 76500 La LondeNum\u00e9ro SIRET\u00a0: 93948642900011E-mail\u00a0: contact@libre-escale.frT\u00e9l\u00e9phone\u00a0: 06 00 00 00 00Directeur de la publication\u00a0: MONTAGNIER Safia 2. H\u00e9bergement Le site est h\u00e9berg\u00e9 par :Nom de l\u2019h\u00e9bergeur\u00a0: OVH SASAdresse\u00a0: 2 rue Kellermann, 59100 RoubaixT\u00e9l\u00e9phone\u00a0: 1007 3. Propri\u00e9t\u00e9 [&hellip;]\" \/>\n<meta property=\"og:url\" content=\"https:\/\/www.libre-escale.fr\/index.php\/mentions-legales\/\" \/>\n<meta property=\"og:site_name\" content=\"Libre Escale\" \/>\n<meta property=\"article:modified_time\" content=\"2025-03-06T20:25:37+00:00\" \/>\n<meta name=\"twitter:card\" content=\"summary_large_image\" \/>\n<meta name=\"twitter:label1\" content=\"Dur\u00e9e de lecture estim\u00e9e\" \/>\n\t<meta name=\"twitter:data1\" content=\"2 minutes\" \/>\n<script type=\"application\/ld+json\" class=\"yoast-schema-graph\">{\"@context\":\"https:\\\/\\\/schema.org\",\"@graph\":[{\"@type\":\"WebPage\",\"@id\":\"https:\\\/\\\/www.libre-escale.fr\\\/index.php\\\/mentions-legales\\\/\",\"url\":\"https:\\\/\\\/www.libre-escale.fr\\\/index.php\\\/mentions-legales\\\/\",\"name\":\"Mentions l\u00e9gales - Libre Escale\",\"isPartOf\":{\"@id\":\"https:\\\/\\\/www.libre-escale.fr\\\/#website\"},\"datePublished\":\"2025-03-06T20:23:40+00:00\",\"dateModified\":\"2025-03-06T20:25:37+00:00\",\"breadcrumb\":{\"@id\":\"https:\\\/\\\/www.libre-escale.fr\\\/index.php\\\/mentions-legales\\\/#breadcrumb\"},\"inLanguage\":\"fr-FR\",\"potentialAction\":[{\"@type\":\"ReadAction\",\"target\":[\"https:\\\/\\\/www.libre-escale.fr\\\/index.php\\\/mentions-legales\\\/\"]}]},{\"@type\":\"BreadcrumbList\",\"@id\":\"https:\\\/\\\/www.libre-escale.fr\\\/index.php\\\/mentions-legales\\\/#breadcrumb\",\"itemListElement\":[{\"@type\":\"ListItem\",\"position\":1,\"name\":\"Accueil\",\"item\":\"https:\\\/\\\/www.libre-escale.fr\\\/\"},{\"@type\":\"ListItem\",\"position\":2,\"name\":\"Mentions l\u00e9gales\"}]},{\"@type\":\"WebSite\",\"@id\":\"https:\\\/\\\/www.libre-escale.fr\\\/#website\",\"url\":\"https:\\\/\\\/www.libre-escale.fr\\\/\",\"name\":\"Libre Escale\",\"description\":\"Voyagez serein, laissez-vous guider\",\"publisher\":{\"@id\":\"https:\\\/\\\/www.libre-escale.fr\\\/#organization\"},\"potentialAction\":[{\"@type\":\"SearchAction\",\"target\":{\"@type\":\"EntryPoint\",\"urlTemplate\":\"https:\\\/\\\/www.libre-escale.fr\\\/?s={search_term_string}\"},\"query-input\":{\"@type\":\"PropertyValueSpecification\",\"valueRequired\":true,\"valueName\":\"search_term_string\"}}],\"inLanguage\":\"fr-FR\"},{\"@type\":\"Organization\",\"@id\":\"https:\\\/\\\/www.libre-escale.fr\\\/#organization\",\"name\":\"Libre Escale\",\"url\":\"https:\\\/\\\/www.libre-escale.fr\\\/\",\"logo\":{\"@type\":\"ImageObject\",\"inLanguage\":\"fr-FR\",\"@id\":\"https:\\\/\\\/www.libre-escale.fr\\\/#\\\/schema\\\/logo\\\/image\\\/\",\"url\":\"https:\\\/\\\/www.libre-escale.fr\\\/wp-content\\\/uploads\\\/2025\\\/02\\\/cropped-Logo-Web-LIBRE-ESCALE-TRAVEL-PLANNER-1.png\",\"contentUrl\":\"https:\\\/\\\/www.libre-escale.fr\\\/wp-content\\\/uploads\\\/2025\\\/02\\\/cropped-Logo-Web-LIBRE-ESCALE-TRAVEL-PLANNER-1.png\",\"width\":1022,\"height\":321,\"caption\":\"Libre Escale\"},\"image\":{\"@id\":\"https:\\\/\\\/www.libre-escale.fr\\\/#\\\/schema\\\/logo\\\/image\\\/\"}}]}<\/script>\n<!-- \/ Yoast SEO plugin. -->","yoast_head_json":{"title":"Mentions l\u00e9gales - Libre Escale","robots":{"index":"index","follow":"follow","max-snippet":"max-snippet:-1","max-image-preview":"max-image-preview:large","max-video-preview":"max-video-preview:-1"},"canonical":"https:\/\/www.libre-escale.fr\/index.php\/mentions-legales\/","og_locale":"fr_FR","og_type":"article","og_title":"Mentions l\u00e9gales - Libre Escale","og_description":"1. \u00c9diteur du site Le site\u00a0libre-escale.fr\u00a0est \u00e9dit\u00e9 par :Nom de l\u2019entreprise\u00a0: Libre EscaleStatut juridique\u00a0: Auto-entrepriseSi\u00e8ge social\u00a0: 208 rue Hazet, 76500 La LondeNum\u00e9ro SIRET\u00a0: 93948642900011E-mail\u00a0: contact@libre-escale.frT\u00e9l\u00e9phone\u00a0: 06 00 00 00 00Directeur de la publication\u00a0: MONTAGNIER Safia 2. H\u00e9bergement Le site est h\u00e9berg\u00e9 par :Nom de l\u2019h\u00e9bergeur\u00a0: OVH SASAdresse\u00a0: 2 rue Kellermann, 59100 RoubaixT\u00e9l\u00e9phone\u00a0: 1007 3. Propri\u00e9t\u00e9 [&hellip;]","og_url":"https:\/\/www.libre-escale.fr\/index.php\/mentions-legales\/","og_site_name":"Libre Escale","article_modified_time":"2025-03-06T20:25:37+00:00","twitter_card":"summary_large_image","twitter_misc":{"Dur\u00e9e de lecture estim\u00e9e":"2 minutes"},"schema":{"@context":"https:\/\/schema.org","@graph":[{"@type":"WebPage","@id":"https:\/\/www.libre-escale.fr\/index.php\/mentions-legales\/","url":"https:\/\/www.libre-escale.fr\/index.php\/mentions-legales\/","name":"Mentions l\u00e9gales - Libre Escale","isPartOf":{"@id":"https:\/\/www.libre-escale.fr\/#website"},"datePublished":"2025-03-06T20:23:40+00:00","dateModified":"2025-03-06T20:25:37+00:00","breadcrumb":{"@id":"https:\/\/www.libre-escale.fr\/index.php\/mentions-legales\/#breadcrumb"},"inLanguage":"fr-FR","potentialAction":[{"@type":"ReadAction","target":["https:\/\/www.libre-escale.fr\/index.php\/mentions-legales\/"]}]},{"@type":"BreadcrumbList","@id":"https:\/\/www.libre-escale.fr\/index.php\/mentions-legales\/#breadcrumb","itemListElement":[{"@type":"ListItem","position":1,"name":"Accueil","item":"https:\/\/www.libre-escale.fr\/"},{"@type":"ListItem","position":2,"name":"Mentions l\u00e9gales"}]},{"@type":"WebSite","@id":"https:\/\/www.libre-escale.fr\/#website","url":"https:\/\/www.libre-escale.fr\/","name":"Libre Escale","description":"Voyagez serein, laissez-vous guider","publisher":{"@id":"https:\/\/www.libre-escale.fr\/#organization"},"potentialAction":[{"@type":"SearchAction","target":{"@type":"EntryPoint","urlTemplate":"https:\/\/www.libre-escale.fr\/?s={search_term_string}"},"query-input":{"@type":"PropertyValueSpecification","valueRequired":true,"valueName":"search_term_string"}}],"inLanguage":"fr-FR"},{"@type":"Organization","@id":"https:\/\/www.libre-escale.fr\/#organization","name":"Libre Escale","url":"https:\/\/www.libre-escale.fr\/","logo":{"@type":"ImageObject","inLanguage":"fr-FR","@id":"https:\/\/www.libre-escale.fr\/#\/schema\/logo\/image\/","url":"https:\/\/www.libre-escale.fr\/wp-content\/uploads\/2025\/02\/cropped-Logo-Web-LIBRE-ESCALE-TRAVEL-PLANNER-1.png","contentUrl":"https:\/\/www.libre-escale.fr\/wp-content\/uploads\/2025\/02\/cropped-Logo-Web-LIBRE-ESCALE-TRAVEL-PLANNER-1.png","width":1022,"height":321,"caption":"Libre Escale"},"image":{"@id":"https:\/\/www.libre-escale.fr\/#\/schema\/logo\/image\/"}}]}},"_links":{"self":[{"href":"https:\/\/www.libre-escale.fr\/index.php\/wp-json\/wp\/v2\/pages\/701","targetHints":{"allow":["GET"]}}],"collection":[{"href":"https:\/\/www.libre-escale.fr\/index.php\/wp-json\/wp\/v2\/pages"}],"about":[{"href":"https:\/\/www.libre-escale.fr\/index.php\/wp-json\/wp\/v2\/types\/page"}],"author":[{"embeddable":true,"href":"https:\/\/www.libre-escale.fr\/index.php\/wp-json\/wp\/v2\/users\/1"}],"replies":[{"embeddable":true,"href":"https:\/\/www.libre-escale.fr\/index.php\/wp-json\/wp\/v2\/comments?post=701"}],"version-history":[{"count":7,"href":"https:\/\/www.libre-escale.fr\/index.php\/wp-json\/wp\/v2\/pages\/701\/revisions"}],"predecessor-version":[{"id":708,"href":"https:\/\/www.libre-escale.fr\/index.php\/wp-json\/wp\/v2\/pages\/701\/revisions\/708"}],"wp:attachment":[{"href":"https:\/\/www.libre-escale.fr\/index.php\/wp-json\/wp\/v2\/media?parent=701"}],"curies":[{"name":"wp","href":"https:\/\/api.w.org\/{rel}","templated":true}]}}